{"id":1487,"date":"2019-09-12T00:00:00","date_gmt":"2019-09-11T22:00:00","guid":{"rendered":"http:\/\/iconart.jklanten.nl\/product\/royal-labrador\/"},"modified":"2025-11-12T16:25:39","modified_gmt":"2025-11-12T15:25:39","slug":"koniglicher-labrador","status":"publish","type":"product","link":"https:\/\/icon-art.nl\/de\/product\/royal-labrador\/","title":{"rendered":"K\u00d6NIGLICHER LABRADOR"},"content":{"rendered":"<p>MIT<\/p>\n<h3 style=\"text-align: center;\">Produktspezifikationen<\/h3>\n<p><strong>Aluminium-Dibond:<\/strong><\/p>\n<p>Das Kunstwerk wurde auf gl\u00e4nzendem Aluminium-Dibond gefertigt und mit einer UV-best\u00e4ndigen Beschichtung versehen, die f\u00fcr einen dauerhaften Effekt und eine zus\u00e4tzliche Tiefe sorgt, so dass dieser sch\u00f6ne Blickfang wirklich zum Leben erwacht! Auf der R\u00fcckseite ist das Kunstwerk mit einem starken 1,5 cm dicken Aluminium-Aufh\u00e4ngeprofil versehen. Dadurch erh\u00e4lt das Kunstwerk einen schwebenden Effekt. Da das Profil 5 cm vom Rand entfernt geklebt ist, ist es von der Seite nicht sichtbar. Das hintere Profil sorgt au\u00dferdem f\u00fcr zus\u00e4tzliche Stabilit\u00e4t und verhindert, dass sich die Platte verzieht.<\/p>","protected":false},"excerpt":{"rendered":"<p><span style=\"font-size: 10pt;\">WANDDECORATIE &#8211; KUNSTWERK &#8211; SCHILDERIJ &#8211; MUURDECORATIE &#8211; ARTWORK &#8211; DIBOND<\/span><strong><br \/>\nAluminium dibond art wordt speciaal op bestelling vervaardigd.<br \/>\nDe levertijd hiervan is ca. 4-5 weken.<\/strong><\/p>","protected":false},"featured_media":667,"comment_status":"closed","ping_status":"open","template":"","meta":{"_acf_changed":false,"_glsr_average":0,"_glsr_ranking":0,"_glsr_reviews":0},"product_brand":[],"product_cat":[39,61],"product_tag":[],"class_list":{"0":"post-1487","1":"product","2":"type-product","3":"status-publish","4":"has-post-thumbnail","6":"product_cat-alu-art","7":"product_cat-animals","8":"product_shipping_class-alu-dibond","9":"tm-has-options","11":"first","12":"outofstock","13":"sale","14":"sold-individually","15":"taxable","16":"shipping-taxable","17":"product-type-simple"},"acf":[],"etheme_brands":{"errors":{"invalid_taxonomy":["Die Taxonomie ist ung\u00fcltig."]},"error_data":[]},"yoast_head":"<!-- This site is optimized with the Yoast SEO plugin v27.2 - https:\/\/yoast.com\/product\/yoast-seo-wordpress\/ -->\n<title>Royal Labrador - Luxe wanddecoratie - Grote collectie!<\/title>\n<meta name=\"description\" content=\"Royal Labrador. Bestel aluminium dibond wanddecoratie in diverse formaten bij Icon Art. Bekijk de volledige collectie op onze website. Tip(!)\" \/>\n<meta name=\"robots\" content=\"index, follow, max-snippet:-1, max-image-preview:large, max-video-preview:-1\" \/>\n<link rel=\"canonical\" href=\"https:\/\/icon-art.nl\/de\/produkt\/koniglicher-labrador\/\" \/>\n<meta property=\"og:locale\" content=\"de_DE\" \/>\n<meta property=\"og:type\" content=\"article\" \/>\n<meta property=\"og:title\" content=\"Royal Labrador - Luxe wanddecoratie - Grote collectie!\" \/>\n<meta property=\"og:description\" content=\"Royal Labrador. Bestel aluminium dibond wanddecoratie in diverse formaten bij Icon Art. Bekijk de volledige collectie op onze website. Tip(!)\" \/>\n<meta property=\"og:url\" content=\"https:\/\/icon-art.nl\/de\/produkt\/koniglicher-labrador\/\" \/>\n<meta property=\"og:site_name\" content=\"Icon Art\" \/>\n<meta property=\"article:publisher\" content=\"https:\/\/www.facebook.com\/iconartcompany\/\" \/>\n<meta property=\"article:modified_time\" content=\"2025-11-12T15:25:39+00:00\" \/>\n<meta property=\"og:image\" content=\"https:\/\/icon-art.nl\/wp-content\/uploads\/2020\/07\/1043719.png\" \/>\n\t<meta property=\"og:image:width\" content=\"472\" \/>\n\t<meta property=\"og:image:height\" content=\"472\" \/>\n\t<meta property=\"og:image:type\" content=\"image\/png\" \/>\n<meta name=\"twitter:card\" content=\"summary_large_image\" \/>\n<script type=\"application\/ld+json\" class=\"yoast-schema-graph\">{\"@context\":\"https:\/\/schema.org\",\"@graph\":[{\"@type\":\"WebPage\",\"@id\":\"https:\/\/icon-art.nl\/product\/royal-labrador\/\",\"url\":\"https:\/\/icon-art.nl\/product\/royal-labrador\/\",\"name\":\"Royal Labrador - Luxe wanddecoratie - Grote collectie!\",\"isPartOf\":{\"@id\":\"https:\/\/icon-art.nl\/#website\"},\"primaryImageOfPage\":{\"@id\":\"https:\/\/icon-art.nl\/product\/royal-labrador\/#primaryimage\"},\"image\":{\"@id\":\"https:\/\/icon-art.nl\/product\/royal-labrador\/#primaryimage\"},\"thumbnailUrl\":\"https:\/\/icon-art.nl\/wp-content\/uploads\/2020\/07\/1043719.png\",\"datePublished\":\"2019-09-11T22:00:00+00:00\",\"dateModified\":\"2025-11-12T15:25:39+00:00\",\"description\":\"Royal Labrador. Bestel aluminium dibond wanddecoratie in diverse formaten bij Icon Art. Bekijk de volledige collectie op onze website. Tip(!)\",\"breadcrumb\":{\"@id\":\"https:\/\/icon-art.nl\/product\/royal-labrador\/#breadcrumb\"},\"inLanguage\":\"de\",\"potentialAction\":[{\"@type\":\"ReadAction\",\"target\":[\"https:\/\/icon-art.nl\/product\/royal-labrador\/\"]}]},{\"@type\":\"ImageObject\",\"inLanguage\":\"de\",\"@id\":\"https:\/\/icon-art.nl\/product\/royal-labrador\/#primaryimage\",\"url\":\"https:\/\/icon-art.nl\/wp-content\/uploads\/2020\/07\/1043719.png\",\"contentUrl\":\"https:\/\/icon-art.nl\/wp-content\/uploads\/2020\/07\/1043719.png\",\"width\":472,\"height\":472,\"caption\":\"Schilderij royal labrador alu art dibond wanddecoratie\"},{\"@type\":\"BreadcrumbList\",\"@id\":\"https:\/\/icon-art.nl\/product\/royal-labrador\/#breadcrumb\",\"itemListElement\":[{\"@type\":\"ListItem\",\"position\":1,\"name\":\"Home\",\"item\":\"https:\/\/icon-art.nl\/\"},{\"@type\":\"ListItem\",\"position\":2,\"name\":\"Collecties\",\"item\":\"https:\/\/icon-art.nl\/collecties\/\"},{\"@type\":\"ListItem\",\"position\":3,\"name\":\"ROYAL LABRADOR\"}]},{\"@type\":\"WebSite\",\"@id\":\"https:\/\/icon-art.nl\/#website\",\"url\":\"https:\/\/icon-art.nl\/\",\"name\":\"Icon Art\",\"description\":\"\",\"publisher\":{\"@id\":\"https:\/\/icon-art.nl\/#organization\"},\"potentialAction\":[{\"@type\":\"SearchAction\",\"target\":{\"@type\":\"EntryPoint\",\"urlTemplate\":\"https:\/\/icon-art.nl\/?s={search_term_string}\"},\"query-input\":{\"@type\":\"PropertyValueSpecification\",\"valueRequired\":true,\"valueName\":\"search_term_string\"}}],\"inLanguage\":\"de\"},{\"@type\":\"Organization\",\"@id\":\"https:\/\/icon-art.nl\/#organization\",\"name\":\"Icon Art\",\"url\":\"https:\/\/icon-art.nl\/\",\"logo\":{\"@type\":\"ImageObject\",\"inLanguage\":\"de\",\"@id\":\"https:\/\/icon-art.nl\/#\/schema\/logo\/image\/\",\"url\":\"https:\/\/icon-art.nl\/wp-content\/uploads\/2024\/08\/icon-art-3.png.pagespeed.ce_.t2dzOLyE20.png\",\"contentUrl\":\"https:\/\/icon-art.nl\/wp-content\/uploads\/2024\/08\/icon-art-3.png.pagespeed.ce_.t2dzOLyE20.png\",\"width\":300,\"height\":56,\"caption\":\"Icon Art\"},\"image\":{\"@id\":\"https:\/\/icon-art.nl\/#\/schema\/logo\/image\/\"},\"sameAs\":[\"https:\/\/www.facebook.com\/iconartcompany\/\",\"https:\/\/www.instagram.com\/iconartcompany\/\"]}]}<\/script>\n<!-- \/ Yoast SEO plugin. -->","yoast_head_json":{"title":"Royal Labrador - Luxuri\u00f6se Wanddekoration - Gro\u00dfe Kollektion!","description":"K\u00f6niglicher Labrador. Bestellen Sie Wanddekoration aus Aluminium-Dibond in verschiedenen Gr\u00f6\u00dfen bei Icon Art. Sehen Sie sich die gesamte Kollektion auf unserer Website an. Tipp(!)","robots":{"index":"index","follow":"follow","max-snippet":"max-snippet:-1","max-image-preview":"max-image-preview:large","max-video-preview":"max-video-preview:-1"},"canonical":"https:\/\/icon-art.nl\/de\/produkt\/koniglicher-labrador\/","og_locale":"de_DE","og_type":"article","og_title":"Royal Labrador - Luxe wanddecoratie - Grote collectie!","og_description":"Royal Labrador. Bestel aluminium dibond wanddecoratie in diverse formaten bij Icon Art. Bekijk de volledige collectie op onze website. Tip(!)","og_url":"https:\/\/icon-art.nl\/de\/produkt\/koniglicher-labrador\/","og_site_name":"Icon Art","article_publisher":"https:\/\/www.facebook.com\/iconartcompany\/","article_modified_time":"2025-11-12T15:25:39+00:00","og_image":[{"width":472,"height":472,"url":"https:\/\/icon-art.nl\/wp-content\/uploads\/2020\/07\/1043719.png","type":"image\/png"}],"twitter_card":"summary_large_image","schema":{"@context":"https:\/\/schema.org","@graph":[{"@type":"WebPage","@id":"https:\/\/icon-art.nl\/product\/royal-labrador\/","url":"https:\/\/icon-art.nl\/product\/royal-labrador\/","name":"Royal Labrador - Luxuri\u00f6se Wanddekoration - Gro\u00dfe Kollektion!","isPartOf":{"@id":"https:\/\/icon-art.nl\/#website"},"primaryImageOfPage":{"@id":"https:\/\/icon-art.nl\/product\/royal-labrador\/#primaryimage"},"image":{"@id":"https:\/\/icon-art.nl\/product\/royal-labrador\/#primaryimage"},"thumbnailUrl":"https:\/\/icon-art.nl\/wp-content\/uploads\/2020\/07\/1043719.png","datePublished":"2019-09-11T22:00:00+00:00","dateModified":"2025-11-12T15:25:39+00:00","description":"K\u00f6niglicher Labrador. Bestellen Sie Wanddekoration aus Aluminium-Dibond in verschiedenen Gr\u00f6\u00dfen bei Icon Art. Sehen Sie sich die gesamte Kollektion auf unserer Website an. Tipp(!)","breadcrumb":{"@id":"https:\/\/icon-art.nl\/product\/royal-labrador\/#breadcrumb"},"inLanguage":"de","potentialAction":[{"@type":"ReadAction","target":["https:\/\/icon-art.nl\/product\/royal-labrador\/"]}]},{"@type":"ImageObject","inLanguage":"de","@id":"https:\/\/icon-art.nl\/product\/royal-labrador\/#primaryimage","url":"https:\/\/icon-art.nl\/wp-content\/uploads\/2020\/07\/1043719.png","contentUrl":"https:\/\/icon-art.nl\/wp-content\/uploads\/2020\/07\/1043719.png","width":472,"height":472,"caption":"Schilderij royal labrador alu art dibond wanddecoratie"},{"@type":"BreadcrumbList","@id":"https:\/\/icon-art.nl\/product\/royal-labrador\/#breadcrumb","itemListElement":[{"@type":"ListItem","position":1,"name":"Home","item":"https:\/\/icon-art.nl\/"},{"@type":"ListItem","position":2,"name":"Collecties","item":"https:\/\/icon-art.nl\/collecties\/"},{"@type":"ListItem","position":3,"name":"ROYAL LABRADOR"}]},{"@type":"WebSite","@id":"https:\/\/icon-art.nl\/#website","url":"https:\/\/icon-art.nl\/","name":"Ikonen-Kunst","description":"","publisher":{"@id":"https:\/\/icon-art.nl\/#organization"},"potentialAction":[{"@type":"SearchAction","target":{"@type":"EntryPoint","urlTemplate":"https:\/\/icon-art.nl\/?s={search_term_string}"},"query-input":{"@type":"PropertyValueSpecification","valueRequired":true,"valueName":"search_term_string"}}],"inLanguage":"de"},{"@type":"Organization","@id":"https:\/\/icon-art.nl\/#organization","name":"Ikonen-Kunst","url":"https:\/\/icon-art.nl\/","logo":{"@type":"ImageObject","inLanguage":"de","@id":"https:\/\/icon-art.nl\/#\/schema\/logo\/image\/","url":"https:\/\/icon-art.nl\/wp-content\/uploads\/2024\/08\/icon-art-3.png.pagespeed.ce_.t2dzOLyE20.png","contentUrl":"https:\/\/icon-art.nl\/wp-content\/uploads\/2024\/08\/icon-art-3.png.pagespeed.ce_.t2dzOLyE20.png","width":300,"height":56,"caption":"Icon Art"},"image":{"@id":"https:\/\/icon-art.nl\/#\/schema\/logo\/image\/"},"sameAs":["https:\/\/www.facebook.com\/iconartcompany\/","https:\/\/www.instagram.com\/iconartcompany\/"]}]}},"_links":{"self":[{"href":"https:\/\/icon-art.nl\/de\/wp-json\/wp\/v2\/product\/1487","targetHints":{"allow":["GET"]}}],"collection":[{"href":"https:\/\/icon-art.nl\/de\/wp-json\/wp\/v2\/product"}],"about":[{"href":"https:\/\/icon-art.nl\/de\/wp-json\/wp\/v2\/types\/product"}],"replies":[{"embeddable":true,"href":"https:\/\/icon-art.nl\/de\/wp-json\/wp\/v2\/comments?post=1487"}],"version-history":[{"count":1,"href":"https:\/\/icon-art.nl\/de\/wp-json\/wp\/v2\/product\/1487\/revisions"}],"predecessor-version":[{"id":11154,"href":"https:\/\/icon-art.nl\/de\/wp-json\/wp\/v2\/product\/1487\/revisions\/11154"}],"wp:featuredmedia":[{"embeddable":true,"href":"https:\/\/icon-art.nl\/de\/wp-json\/wp\/v2\/media\/667"}],"wp:attachment":[{"href":"https:\/\/icon-art.nl\/de\/wp-json\/wp\/v2\/media?parent=1487"}],"wp:term":[{"taxonomy":"product_brand","embeddable":true,"href":"https:\/\/icon-art.nl\/de\/wp-json\/wp\/v2\/product_brand?post=1487"},{"taxonomy":"product_cat","embeddable":true,"href":"https:\/\/icon-art.nl\/de\/wp-json\/wp\/v2\/product_cat?post=1487"},{"taxonomy":"product_tag","embeddable":true,"href":"https:\/\/icon-art.nl\/de\/wp-json\/wp\/v2\/product_tag?post=1487"}],"curies":[{"name":"wp","href":"https:\/\/api.w.org\/{rel}","templated":true}]}}