{"id":1277,"date":"2020-07-28T13:15:06","date_gmt":"2020-07-28T11:15:06","guid":{"rendered":"http:\/\/iconart.jklanten.nl\/product\/elephants\/"},"modified":"2026-01-31T14:23:20","modified_gmt":"2026-01-31T13:23:20","slug":"elefanten","status":"publish","type":"product","link":"https:\/\/icon-art.nl\/de\/product\/elephants\/","title":{"rendered":"ELEFANTEN"},"content":{"rendered":"<h3 style=\"text-align: center;\">Produktspezifikationen<\/h3>\n<p>\u00ad<strong>Aluminium-Dibond:<\/strong><\/p>\n<p>Das Kunstwerk wird in hervorragender Druckqualit\u00e4t auf Aluminium-Dibond hergestellt, so dass dieser sch\u00f6ne Blickfang wirklich zum Leben erwacht! Auf der R\u00fcckseite ist das Kunstwerk mit einem starken 1,5 cm dicken Aluminium-Aufh\u00e4ngeprofil versehen. Dadurch erh\u00e4lt das Kunstwerk einen schwebenden Effekt. Da das Profil 5 cm vom Rand entfernt geklebt ist, ist es von der Seite nicht sichtbar. Das hintere Profil sorgt au\u00dferdem f\u00fcr zus\u00e4tzliche Stabilit\u00e4t und verhindert, dass sich die Platte verzieht.<strong>Plexiglas 5mm:<\/strong><\/p>\n<p>Das Foto wird auf Fuji-Fotopapier gedruckt und anschlie\u00dfend mit 5 mm hochgl\u00e4nzendem Plexiglas veredelt. Durch das Plexiglas werden die Farben um ein Vielfaches intensiver, was dem Bild eine sch\u00f6ne Tiefenwirkung verleiht. Die 5 mm dicke Plexiglasplatte mit dem Foto ist mit einer undurchsichtigen Folie 100% \u00fcberzogen. Zum Abschluss wird das Plexiglas rundum poliert und auf der R\u00fcckseite mit einem starken 1,5 cm dicken Aluminiumprofil versehen. Dadurch erh\u00e4lt Ihr Kunstwerk einen schwebenden Effekt. Da das Profil 5 cm vom Rand entfernt geklebt ist, ist es von der Seite nicht sichtbar. Das r\u00fcckseitige Profil sorgt au\u00dferdem f\u00fcr zus\u00e4tzliche Stabilit\u00e4t und verhindert, dass sich die Platte verzieht.<\/p>","protected":false},"excerpt":{"rendered":"<p><span style=\"color: #000000;\"><span style=\"font-size: 10pt;\">WANDDECORATIE &#8211; KUNSTWERK &#8211; SCHILDERIJ &#8211; MUURDECORATIE &#8211; ARTWORK &#8211; DIBOND &#8211; PLEXIGLAS<\/span><br \/>\n<strong>Dieses Kunstwerk wird speziell auf Bestellung angefertigt. Die Lieferzeit hierf\u00fcr betr\u00e4gt ca. 1 Woche.<\/strong><\/span><\/p>","protected":false},"featured_media":246,"comment_status":"closed","ping_status":"closed","template":"","meta":{"_acf_changed":false,"_glsr_average":0,"_glsr_ranking":0,"_glsr_reviews":0},"product_brand":[],"product_cat":[61,85,33,65],"product_tag":[],"class_list":{"0":"post-1277","1":"product","2":"type-product","3":"status-publish","4":"has-post-thumbnail","6":"product_cat-animals","7":"product_cat-ia-rechthoek","8":"product_cat-iconic-art","9":"product_cat-olifant","10":"product_shipping_class-plexiglasblokken","11":"tm-has-options","13":"first","14":"instock","15":"sale","16":"sold-individually","17":"taxable","18":"shipping-taxable","19":"purchasable","20":"product-type-simple"},"acf":[],"etheme_brands":{"errors":{"invalid_taxonomy":["Die Taxonomie ist ung\u00fcltig."]},"error_data":[]},"yoast_head":"<!-- This site is optimized with the Yoast SEO plugin v27.2 - https:\/\/yoast.com\/product\/yoast-seo-wordpress\/ -->\n<title>Elephants - Wanddecoratie en accessoires - Veel formaten en materialen!<\/title>\n<meta name=\"description\" content=\"Elephants. Bestel dieren wanddecoratie in diverse formaten en materialen bij Icon Art. Bekijk de volledige collectie op onze website.\" \/>\n<meta name=\"robots\" content=\"index, follow, max-snippet:-1, max-image-preview:large, max-video-preview:-1\" \/>\n<link rel=\"canonical\" href=\"https:\/\/icon-art.nl\/de\/produkt\/elefanten\/\" \/>\n<meta property=\"og:locale\" content=\"de_DE\" \/>\n<meta property=\"og:type\" content=\"article\" \/>\n<meta property=\"og:title\" content=\"Elephants - Wanddecoratie en accessoires - Veel formaten en materialen!\" \/>\n<meta property=\"og:description\" content=\"Elephants. Bestel dieren wanddecoratie in diverse formaten en materialen bij Icon Art. Bekijk de volledige collectie op onze website.\" \/>\n<meta property=\"og:url\" content=\"https:\/\/icon-art.nl\/de\/produkt\/elefanten\/\" \/>\n<meta property=\"og:site_name\" content=\"Icon Art\" \/>\n<meta property=\"article:publisher\" content=\"https:\/\/www.facebook.com\/iconartcompany\/\" \/>\n<meta property=\"article:modified_time\" content=\"2026-01-31T13:23:20+00:00\" \/>\n<meta property=\"og:image\" content=\"https:\/\/icon-art.nl\/wp-content\/uploads\/2020\/07\/adventure-africa-african-elephants-861321_klein.jpg\" \/>\n\t<meta property=\"og:image:width\" content=\"2048\" \/>\n\t<meta property=\"og:image:height\" content=\"1365\" \/>\n\t<meta property=\"og:image:type\" content=\"image\/jpeg\" \/>\n<meta name=\"twitter:card\" content=\"summary_large_image\" \/>\n<script type=\"application\/ld+json\" class=\"yoast-schema-graph\">{\"@context\":\"https:\/\/schema.org\",\"@graph\":[{\"@type\":\"WebPage\",\"@id\":\"https:\/\/icon-art.nl\/product\/elephants\/\",\"url\":\"https:\/\/icon-art.nl\/product\/elephants\/\",\"name\":\"Elephants - Wanddecoratie en accessoires - Veel formaten en materialen!\",\"isPartOf\":{\"@id\":\"https:\/\/icon-art.nl\/#website\"},\"primaryImageOfPage\":{\"@id\":\"https:\/\/icon-art.nl\/product\/elephants\/#primaryimage\"},\"image\":{\"@id\":\"https:\/\/icon-art.nl\/product\/elephants\/#primaryimage\"},\"thumbnailUrl\":\"https:\/\/icon-art.nl\/wp-content\/uploads\/2020\/07\/adventure-africa-african-elephants-861321_klein.jpg\",\"datePublished\":\"2020-07-28T11:15:06+00:00\",\"dateModified\":\"2026-01-31T13:23:20+00:00\",\"description\":\"Elephants. Bestel dieren wanddecoratie in diverse formaten en materialen bij Icon Art. Bekijk de volledige collectie op onze website.\",\"breadcrumb\":{\"@id\":\"https:\/\/icon-art.nl\/product\/elephants\/#breadcrumb\"},\"inLanguage\":\"de\",\"potentialAction\":[{\"@type\":\"ReadAction\",\"target\":[\"https:\/\/icon-art.nl\/product\/elephants\/\"]}]},{\"@type\":\"ImageObject\",\"inLanguage\":\"de\",\"@id\":\"https:\/\/icon-art.nl\/product\/elephants\/#primaryimage\",\"url\":\"https:\/\/icon-art.nl\/wp-content\/uploads\/2020\/07\/adventure-africa-african-elephants-861321_klein.jpg\",\"contentUrl\":\"https:\/\/icon-art.nl\/wp-content\/uploads\/2020\/07\/adventure-africa-african-elephants-861321_klein.jpg\",\"width\":2048,\"height\":1365,\"caption\":\"Schilderij wild animal elephants canvas en plexiglas wanddecoratie\"},{\"@type\":\"BreadcrumbList\",\"@id\":\"https:\/\/icon-art.nl\/product\/elephants\/#breadcrumb\",\"itemListElement\":[{\"@type\":\"ListItem\",\"position\":1,\"name\":\"Home\",\"item\":\"https:\/\/icon-art.nl\/\"},{\"@type\":\"ListItem\",\"position\":2,\"name\":\"Collecties\",\"item\":\"https:\/\/icon-art.nl\/collecties\/\"},{\"@type\":\"ListItem\",\"position\":3,\"name\":\"ELEPHANTS\"}]},{\"@type\":\"WebSite\",\"@id\":\"https:\/\/icon-art.nl\/#website\",\"url\":\"https:\/\/icon-art.nl\/\",\"name\":\"Icon Art\",\"description\":\"\",\"publisher\":{\"@id\":\"https:\/\/icon-art.nl\/#organization\"},\"potentialAction\":[{\"@type\":\"SearchAction\",\"target\":{\"@type\":\"EntryPoint\",\"urlTemplate\":\"https:\/\/icon-art.nl\/?s={search_term_string}\"},\"query-input\":{\"@type\":\"PropertyValueSpecification\",\"valueRequired\":true,\"valueName\":\"search_term_string\"}}],\"inLanguage\":\"de\"},{\"@type\":\"Organization\",\"@id\":\"https:\/\/icon-art.nl\/#organization\",\"name\":\"Icon Art\",\"url\":\"https:\/\/icon-art.nl\/\",\"logo\":{\"@type\":\"ImageObject\",\"inLanguage\":\"de\",\"@id\":\"https:\/\/icon-art.nl\/#\/schema\/logo\/image\/\",\"url\":\"https:\/\/icon-art.nl\/wp-content\/uploads\/2024\/08\/icon-art-3.png.pagespeed.ce_.t2dzOLyE20.png\",\"contentUrl\":\"https:\/\/icon-art.nl\/wp-content\/uploads\/2024\/08\/icon-art-3.png.pagespeed.ce_.t2dzOLyE20.png\",\"width\":300,\"height\":56,\"caption\":\"Icon Art\"},\"image\":{\"@id\":\"https:\/\/icon-art.nl\/#\/schema\/logo\/image\/\"},\"sameAs\":[\"https:\/\/www.facebook.com\/iconartcompany\/\",\"https:\/\/www.instagram.com\/iconartcompany\/\"]}]}<\/script>\n<!-- \/ Yoast SEO plugin. -->","yoast_head_json":{"title":"Elefanten - Wanddekoration und Accessoires - Viele Formate und Materialien!","description":"Elefanten. Bestellen Sie Tierwandbilder in verschiedenen Gr\u00f6\u00dfen und Materialien bei Icon Art. Sehen Sie sich die gesamte Kollektion auf unserer Website an.","robots":{"index":"index","follow":"follow","max-snippet":"max-snippet:-1","max-image-preview":"max-image-preview:large","max-video-preview":"max-video-preview:-1"},"canonical":"https:\/\/icon-art.nl\/de\/produkt\/elefanten\/","og_locale":"de_DE","og_type":"article","og_title":"Elephants - Wanddecoratie en accessoires - Veel formaten en materialen!","og_description":"Elephants. Bestel dieren wanddecoratie in diverse formaten en materialen bij Icon Art. Bekijk de volledige collectie op onze website.","og_url":"https:\/\/icon-art.nl\/de\/produkt\/elefanten\/","og_site_name":"Icon Art","article_publisher":"https:\/\/www.facebook.com\/iconartcompany\/","article_modified_time":"2026-01-31T13:23:20+00:00","og_image":[{"width":2048,"height":1365,"url":"https:\/\/icon-art.nl\/wp-content\/uploads\/2020\/07\/adventure-africa-african-elephants-861321_klein.jpg","type":"image\/jpeg"}],"twitter_card":"summary_large_image","schema":{"@context":"https:\/\/schema.org","@graph":[{"@type":"WebPage","@id":"https:\/\/icon-art.nl\/product\/elephants\/","url":"https:\/\/icon-art.nl\/product\/elephants\/","name":"Elefanten - Wanddekoration und Accessoires - Viele Formate und Materialien!","isPartOf":{"@id":"https:\/\/icon-art.nl\/#website"},"primaryImageOfPage":{"@id":"https:\/\/icon-art.nl\/product\/elephants\/#primaryimage"},"image":{"@id":"https:\/\/icon-art.nl\/product\/elephants\/#primaryimage"},"thumbnailUrl":"https:\/\/icon-art.nl\/wp-content\/uploads\/2020\/07\/adventure-africa-african-elephants-861321_klein.jpg","datePublished":"2020-07-28T11:15:06+00:00","dateModified":"2026-01-31T13:23:20+00:00","description":"Elefanten. Bestellen Sie Tierwandbilder in verschiedenen Gr\u00f6\u00dfen und Materialien bei Icon Art. Sehen Sie sich die gesamte Kollektion auf unserer Website an.","breadcrumb":{"@id":"https:\/\/icon-art.nl\/product\/elephants\/#breadcrumb"},"inLanguage":"de","potentialAction":[{"@type":"ReadAction","target":["https:\/\/icon-art.nl\/product\/elephants\/"]}]},{"@type":"ImageObject","inLanguage":"de","@id":"https:\/\/icon-art.nl\/product\/elephants\/#primaryimage","url":"https:\/\/icon-art.nl\/wp-content\/uploads\/2020\/07\/adventure-africa-african-elephants-861321_klein.jpg","contentUrl":"https:\/\/icon-art.nl\/wp-content\/uploads\/2020\/07\/adventure-africa-african-elephants-861321_klein.jpg","width":2048,"height":1365,"caption":"Schilderij wild animal elephants canvas en plexiglas wanddecoratie"},{"@type":"BreadcrumbList","@id":"https:\/\/icon-art.nl\/product\/elephants\/#breadcrumb","itemListElement":[{"@type":"ListItem","position":1,"name":"Home","item":"https:\/\/icon-art.nl\/"},{"@type":"ListItem","position":2,"name":"Collecties","item":"https:\/\/icon-art.nl\/collecties\/"},{"@type":"ListItem","position":3,"name":"ELEPHANTS"}]},{"@type":"WebSite","@id":"https:\/\/icon-art.nl\/#website","url":"https:\/\/icon-art.nl\/","name":"Ikonen-Kunst","description":"","publisher":{"@id":"https:\/\/icon-art.nl\/#organization"},"potentialAction":[{"@type":"SearchAction","target":{"@type":"EntryPoint","urlTemplate":"https:\/\/icon-art.nl\/?s={search_term_string}"},"query-input":{"@type":"PropertyValueSpecification","valueRequired":true,"valueName":"search_term_string"}}],"inLanguage":"de"},{"@type":"Organization","@id":"https:\/\/icon-art.nl\/#organization","name":"Ikonen-Kunst","url":"https:\/\/icon-art.nl\/","logo":{"@type":"ImageObject","inLanguage":"de","@id":"https:\/\/icon-art.nl\/#\/schema\/logo\/image\/","url":"https:\/\/icon-art.nl\/wp-content\/uploads\/2024\/08\/icon-art-3.png.pagespeed.ce_.t2dzOLyE20.png","contentUrl":"https:\/\/icon-art.nl\/wp-content\/uploads\/2024\/08\/icon-art-3.png.pagespeed.ce_.t2dzOLyE20.png","width":300,"height":56,"caption":"Icon Art"},"image":{"@id":"https:\/\/icon-art.nl\/#\/schema\/logo\/image\/"},"sameAs":["https:\/\/www.facebook.com\/iconartcompany\/","https:\/\/www.instagram.com\/iconartcompany\/"]}]}},"_links":{"self":[{"href":"https:\/\/icon-art.nl\/de\/wp-json\/wp\/v2\/product\/1277","targetHints":{"allow":["GET"]}}],"collection":[{"href":"https:\/\/icon-art.nl\/de\/wp-json\/wp\/v2\/product"}],"about":[{"href":"https:\/\/icon-art.nl\/de\/wp-json\/wp\/v2\/types\/product"}],"replies":[{"embeddable":true,"href":"https:\/\/icon-art.nl\/de\/wp-json\/wp\/v2\/comments?post=1277"}],"version-history":[{"count":1,"href":"https:\/\/icon-art.nl\/de\/wp-json\/wp\/v2\/product\/1277\/revisions"}],"predecessor-version":[{"id":10703,"href":"https:\/\/icon-art.nl\/de\/wp-json\/wp\/v2\/product\/1277\/revisions\/10703"}],"wp:featuredmedia":[{"embeddable":true,"href":"https:\/\/icon-art.nl\/de\/wp-json\/wp\/v2\/media\/246"}],"wp:attachment":[{"href":"https:\/\/icon-art.nl\/de\/wp-json\/wp\/v2\/media?parent=1277"}],"wp:term":[{"taxonomy":"product_brand","embeddable":true,"href":"https:\/\/icon-art.nl\/de\/wp-json\/wp\/v2\/product_brand?post=1277"},{"taxonomy":"product_cat","embeddable":true,"href":"https:\/\/icon-art.nl\/de\/wp-json\/wp\/v2\/product_cat?post=1277"},{"taxonomy":"product_tag","embeddable":true,"href":"https:\/\/icon-art.nl\/de\/wp-json\/wp\/v2\/product_tag?post=1277"}],"curies":[{"name":"wp","href":"https:\/\/api.w.org\/{rel}","templated":true}]}}