{"id":2765,"date":"2019-01-31T11:28:09","date_gmt":"2019-01-31T10:28:09","guid":{"rendered":"https:\/\/icon-art.nl\/?page_id=2765"},"modified":"2020-07-29T10:41:57","modified_gmt":"2020-07-29T08:41:57","slug":"bewertungen","status":"publish","type":"page","link":"https:\/\/icon-art.nl\/de\/reviews\/","title":{"rendered":"Bewertungen"},"content":{"rendered":"<div data-elementor-type=\"wp-page\" data-elementor-id=\"2765\" class=\"elementor elementor-2765\" data-elementor-post-type=\"page\">\n\t\t\t\t\t\t\t\t\t<section class=\"elementor-section elementor-top-section elementor-element elementor-element-27ca84e elementor-section-boxed elementor-section-height-default elementor-section-height-default\" data-id=\"27ca84e\" data-element_type=\"section\" data-settings=\"{&quot;jet_parallax_layout_list&quot;:[]}\">\n\t\t\t\t\t\t<div class=\"elementor-container elementor-column-gap-default\">\n\t\t\t\t\t<div class=\"elementor-column elementor-col-50 elementor-top-column elementor-element elementor-element-d676cd2\" data-id=\"d676cd2\" data-element_type=\"column\">\n\t\t\t<div class=\"elementor-widget-wrap elementor-element-populated\">\n\t\t\t\t\t\t\t\t<div class=\"elementor-element elementor-element-4266936 elementor-widget elementor-widget-shortcode\" data-id=\"4266936\" data-element_type=\"widget\" data-widget_type=\"shortcode.default\">\n\t\t\t\t<div class=\"elementor-widget-container\">\n\t\t\t\t\t<div class=\"elementor-shortcode\"><div class=\"shortcode-site-reviews\"><div class=\"glsr glsr-default\" id=\"glsr_j3kknoxr\" data-from=\"shortcode\" data-shortcode=\"site_reviews\" data-hide=\"title\" data-pagination=\"ajax\"><div class=\"glsr-reviews-wrap\">\n    <div class=\"glsr-reviews\">\n        <div class=\"glsr-review\" data-id=\"3802\" data-type=\"local\" id=\"review-3802\" data-assigned='[]'>\n    \n    <div class=\"glsr-review-rating\"><div class=\"glsr-star-rating glsr-stars\" role=\"img\" aria-label=\"Rated 5 out of 5 stars\" data-rating=\"5\" data-reviews=\"0\"><span class=\"glsr-star glsr-star-full\" aria-hidden=\"true\"><\/span><span class=\"glsr-star glsr-star-full\" aria-hidden=\"true\"><\/span><span class=\"glsr-star glsr-star-full\" aria-hidden=\"true\"><\/span><span class=\"glsr-star glsr-star-full\" aria-hidden=\"true\"><\/span><span class=\"glsr-star glsr-star-full\" aria-hidden=\"true\"><\/span><\/div><\/div> <div class=\"glsr-review-date\"><span class=\"glsr-tag-value\">23. Januar 2026<\/span><\/div>\n    \n    <div class=\"glsr-review-content\"><div class=\"glsr-tag-value\" data-expanded=\"false\"><p>Super!<\/p><\/div><\/div>\n    \n    <div class=\"glsr-review-author\"><span class=\"glsr-tag-value\">Mees<\/span><\/div>  \n    \n<\/div>\n<div class=\"glsr-review\" data-id=\"6007\" data-type=\"local\" id=\"review-6007\" data-assigned='[]'>\n    \n    <div class=\"glsr-review-rating\"><div class=\"glsr-star-rating glsr-stars\" role=\"img\" aria-label=\"Rated 5 out of 5 stars\" data-rating=\"5\" data-reviews=\"0\"><span class=\"glsr-star glsr-star-full\" aria-hidden=\"true\"><\/span><span class=\"glsr-star glsr-star-full\" aria-hidden=\"true\"><\/span><span class=\"glsr-star glsr-star-full\" aria-hidden=\"true\"><\/span><span class=\"glsr-star glsr-star-full\" aria-hidden=\"true\"><\/span><span class=\"glsr-star glsr-star-full\" aria-hidden=\"true\"><\/span><\/div><\/div> <div class=\"glsr-review-date\"><span class=\"glsr-tag-value\">13. Januar 2026<\/span><\/div>\n    \n    <div class=\"glsr-review-content\"><div class=\"glsr-tag-value\" data-expanded=\"false\"><p>Ich habe das Gem\u00e4lde auf Plexiglas zu meiner vollen Zufriedenheit erhalten.<\/p>\n<p>Gute Qualit\u00e4t und dank des Aluminiumrahmens auf der R\u00fcckseite leicht aufzuh\u00e4ngen (was nicht jeder Anbieter hat).<\/p><\/div><\/div>\n    \n    <div class=\"glsr-review-author\"><span class=\"glsr-tag-value\">Marco<\/span><\/div>  \n    \n<\/div>\n<div class=\"glsr-review\" data-id=\"6005\" data-type=\"local\" id=\"review-6005\" data-assigned='[]'>\n    \n    <div class=\"glsr-review-rating\"><div class=\"glsr-star-rating glsr-stars\" role=\"img\" aria-label=\"Rated 5 out of 5 stars\" data-rating=\"5\" data-reviews=\"0\"><span class=\"glsr-star glsr-star-full\" aria-hidden=\"true\"><\/span><span class=\"glsr-star glsr-star-full\" aria-hidden=\"true\"><\/span><span class=\"glsr-star glsr-star-full\" aria-hidden=\"true\"><\/span><span class=\"glsr-star glsr-star-full\" aria-hidden=\"true\"><\/span><span class=\"glsr-star glsr-star-full\" aria-hidden=\"true\"><\/span><\/div><\/div> <div class=\"glsr-review-date\"><span class=\"glsr-tag-value\">11. Januar 2026<\/span><\/div>\n    \n    <div class=\"glsr-review-content\"><div class=\"glsr-tag-value\" data-expanded=\"false\"><p>Es ist so sch\u00f6n, wenn etwas so herauskommt, wie ich es mir vorgestellt habe. Danke, dass du mit mir \u00fcber die richtigen Proportionen nachgedacht und meine Idee umgesetzt hast. Ich bin sehr zufrieden mit meinem Kunstwerk auf Aluminium-Dibond! Gl\u00fccksbringer<\/p><\/div><\/div>\n    \n    <div class=\"glsr-review-author\"><span class=\"glsr-tag-value\">Floris Bertels<\/span><\/div>  \n    \n<\/div>\n<div class=\"glsr-review\" data-id=\"10446\" data-type=\"local\" id=\"review-10446\" data-assigned='[]'>\n    \n    <div class=\"glsr-review-rating\"><div class=\"glsr-star-rating glsr-stars\" role=\"img\" aria-label=\"Rated 3 out of 5 stars\" data-rating=\"3\" data-reviews=\"0\"><span class=\"glsr-star glsr-star-full\" aria-hidden=\"true\"><\/span><span class=\"glsr-star glsr-star-full\" aria-hidden=\"true\"><\/span><span class=\"glsr-star glsr-star-full\" aria-hidden=\"true\"><\/span><span class=\"glsr-star glsr-star-empty\" aria-hidden=\"true\"><\/span><span class=\"glsr-star glsr-star-empty\" aria-hidden=\"true\"><\/span><\/div><\/div> <div class=\"glsr-review-date\"><span class=\"glsr-tag-value\">8. Januar 2026<\/span><\/div>\n    \n    <div class=\"glsr-review-content\"><div class=\"glsr-tag-value\" data-expanded=\"false\"><p>Wir haben Das letzte Abendmahl auf Plexiglas gekauft. Wurden von Lizzy \u00fcber die Chatbox super gut beraten. Gem\u00e4lde wurde auch sch\u00f6n p\u00fcnktlich geliefert. Allerdings, nach dem Auspacken Sonntag 7. Januar, schien es eine kleine Besch\u00e4digung des Glases zu sein.<\/p><\/div><\/div>\n    \n    <div class=\"glsr-review-author\"><span class=\"glsr-tag-value\">Caroline Geleijns<\/span><\/div>  \n    \n<\/div>\n<div class=\"glsr-review\" data-id=\"10436\" data-type=\"local\" id=\"review-10436\" data-assigned='[]'>\n    \n    <div class=\"glsr-review-rating\"><div class=\"glsr-star-rating glsr-stars\" role=\"img\" aria-label=\"Rated 5 out of 5 stars\" data-rating=\"5\" data-reviews=\"0\"><span class=\"glsr-star glsr-star-full\" aria-hidden=\"true\"><\/span><span class=\"glsr-star glsr-star-full\" aria-hidden=\"true\"><\/span><span class=\"glsr-star glsr-star-full\" aria-hidden=\"true\"><\/span><span class=\"glsr-star glsr-star-full\" aria-hidden=\"true\"><\/span><span class=\"glsr-star glsr-star-full\" aria-hidden=\"true\"><\/span><\/div><\/div> <div class=\"glsr-review-date\"><span class=\"glsr-tag-value\">7. Januar 2026<\/span><\/div>\n    \n    <div class=\"glsr-review-content\"><div class=\"glsr-tag-value\" data-expanded=\"false\"><p>Letztes Abendmahl mit ber\u00fchmten K\u00fcnstlern gekauft<\/p>\n<p>Geliefert innerhalb von 5 Tagen und was f\u00fcr ein sch\u00f6nes Bild.<\/p>\n<p>Gut verpackt und schnell und guter Kontakt mit Lizzy.<\/p>\n<p>Alles Lob!!!!<\/p><\/div><\/div>\n    \n    <div class=\"glsr-review-author\"><span class=\"glsr-tag-value\">Caroline Geleijns<\/span><\/div>  \n    \n<\/div>\n    <\/div>\n    <div class=\"glsr-pagination glsr-ajax-pagination\" data-class=\"glsr glsr-default\" data-hide=\"title\" data-id=\"glsr_j3kknoxr\" data-pagination=\"ajax\"><div class=\"pagination\">\n    <nav class=\"navigation\" role=\"navigation\">\n        <h2 class=\"screen-reader-text\">Navigation f\u00fcr Site Reviews<\/h2>\n        <div class=\"nav-links\">\n            <span class=\"page-numbers current\" aria-current=\"page\" data-page=\"1\"><span class=\"meta-nav screen-reader-text\">Seite <\/span>1<\/span>\n<a class=\"page-numbers\" data-page=\"2\" href=\"https:\/\/icon-art.nl\/de\/reviews\/?reviews-page=2\"><span class=\"meta-nav screen-reader-text\">Seite <\/span>2<\/a>\n<a class=\"page-numbers\" data-page=\"3\" href=\"https:\/\/icon-art.nl\/de\/reviews\/?reviews-page=3\"><span class=\"meta-nav screen-reader-text\">Seite <\/span>3<\/a>\n<span class=\"page-numbers dots\">&hellip;<\/span>\n<a class=\"page-numbers\" data-page=\"27\" href=\"https:\/\/icon-art.nl\/de\/reviews\/?reviews-page=27\"><span class=\"meta-nav screen-reader-text\">Seite <\/span>27<\/a>\n<a class=\"page-numbers next\" data-page=\"2\" href=\"https:\/\/icon-art.nl\/de\/reviews\/?reviews-page=2\">Weiter<\/a>\n        <\/div>\n    <\/nav>\n<\/div><\/div>\n<\/div><\/div><\/div><\/div>\n\t\t\t\t<\/div>\n\t\t\t\t<\/div>\n\t\t\t\t\t<\/div>\n\t\t<\/div>\n\t\t\t\t<div class=\"elementor-column elementor-col-50 elementor-top-column elementor-element elementor-element-799fbbf\" data-id=\"799fbbf\" data-element_type=\"column\">\n\t\t\t<div class=\"elementor-widget-wrap elementor-element-populated\">\n\t\t\t\t\t\t\t\t<div class=\"elementor-element elementor-element-183a774 elementor-widget elementor-widget-shortcode\" data-id=\"183a774\" data-element_type=\"widget\" data-widget_type=\"shortcode.default\">\n\t\t\t\t<div class=\"elementor-widget-container\">\n\t\t\t\t\t<div class=\"elementor-shortcode\"><div class=\"shortcode-site-reviews-summary\"><div class=\"glsr glsr-default\" id=\"glsr_z69n2qlb\" data-from=\"shortcode\" data-shortcode=\"site_reviews_summary\"><div class=\"glsr-summary-wrap\">\n    <div class=\"glsr-summary\">\n        <div class=\"glsr-summary-rating\"><span class=\"glsr-tag-value\">4,9<\/span><\/div>\n        <div class=\"glsr-summary-stars\"><div class=\"glsr-star-rating glsr-stars\" role=\"img\" aria-label=\"Rated 4.9 out of 5 stars based on 131 ratings\" data-rating=\"4.9\" data-reviews=\"131\"><span class=\"glsr-star glsr-star-full\" aria-hidden=\"true\"><\/span><span class=\"glsr-star glsr-star-full\" aria-hidden=\"true\"><\/span><span class=\"glsr-star glsr-star-full\" aria-hidden=\"true\"><\/span><span class=\"glsr-star glsr-star-full\" aria-hidden=\"true\"><\/span><span class=\"glsr-star glsr-star-full\" aria-hidden=\"true\"><\/span><\/div><\/div>\n        <div class=\"glsr-summary-text\"><span class=\"glsr-tag-value\">4,9 von 5 Sternen (basierend auf 131 Bewertungen)<\/span><\/div>\n        <div class=\"glsr-summary-percentages\"><div class=\"glsr-summary-bar\" data-level=\"5\"><span class=\"glsr-summary-bar-label\">Ausgezeichnet<\/span><span class=\"glsr-summary-bar-background\" style=\"--glsr-bar-percent:88%;\"><\/span><span class=\"glsr-summary-bar-percent\" data-percent=\"88%\" data-reviews=\"115\"><\/span><\/div><div class=\"glsr-summary-bar\" data-level=\"4\"><span class=\"glsr-summary-bar-label\">Sehr gut<\/span><span class=\"glsr-summary-bar-background\" style=\"--glsr-bar-percent:10%;\"><\/span><span class=\"glsr-summary-bar-percent\" data-percent=\"10%\" data-reviews=\"13\"><\/span><\/div><div class=\"glsr-summary-bar\" data-level=\"3\"><span class=\"glsr-summary-bar-label\">Durchschnittlich<\/span><span class=\"glsr-summary-bar-background\" style=\"--glsr-bar-percent:2%;\"><\/span><span class=\"glsr-summary-bar-percent\" data-percent=\"2%\" data-reviews=\"3\"><\/span><\/div><div class=\"glsr-summary-bar\" data-level=\"2\"><span class=\"glsr-summary-bar-label\">Schlecht<\/span><span class=\"glsr-summary-bar-background\" style=\"--glsr-bar-percent:0%;\"><\/span><span class=\"glsr-summary-bar-percent\" data-percent=\"0%\" data-reviews=\"0\"><\/span><\/div><div class=\"glsr-summary-bar\" data-level=\"1\"><span class=\"glsr-summary-bar-label\">Furchtbar<\/span><span class=\"glsr-summary-bar-background\" style=\"--glsr-bar-percent:0%;\"><\/span><span class=\"glsr-summary-bar-percent\" data-percent=\"0%\" data-reviews=\"0\"><\/span><\/div><\/div>\n    <\/div>\n<\/div><\/div><\/div><\/div>\n\t\t\t\t<\/div>\n\t\t\t\t<\/div>\n\t\t\t\t\t<\/div>\n\t\t<\/div>\n\t\t\t\t\t\t\t<\/div>\n\t\t<\/section>\n\t\t\t\t\t\t\t<\/div>","protected":false},"excerpt":{"rendered":"","protected":false},"author":2,"featured_media":0,"parent":0,"menu_order":0,"comment_status":"closed","ping_status":"closed","template":"","meta":{"_acf_changed":false,"_glsr_average":0,"_glsr_ranking":0,"_glsr_reviews":0,"footnotes":""},"class_list":["post-2765","page","type-page","status-publish","hentry"],"acf":[],"yoast_head":"<!-- This site is optimized with the Yoast SEO plugin v27.5 - https:\/\/yoast.com\/product\/yoast-seo-wordpress\/ -->\n<title>Reviews - Icon Art<\/title>\n<meta name=\"robots\" content=\"index, follow, max-snippet:-1, max-image-preview:large, max-video-preview:-1\" \/>\n<link rel=\"canonical\" href=\"https:\/\/icon-art.nl\/de\/bewertungen\/\" \/>\n<meta property=\"og:locale\" content=\"de_DE\" \/>\n<meta property=\"og:type\" content=\"article\" \/>\n<meta property=\"og:title\" content=\"Reviews - Icon Art\" \/>\n<meta property=\"og:url\" content=\"https:\/\/icon-art.nl\/de\/bewertungen\/\" \/>\n<meta property=\"og:site_name\" content=\"Icon Art\" \/>\n<meta property=\"article:publisher\" content=\"https:\/\/www.facebook.com\/iconartcompany\/\" \/>\n<meta property=\"article:modified_time\" content=\"2020-07-29T08:41:57+00:00\" \/>\n<meta name=\"twitter:card\" content=\"summary_large_image\" \/>\n<script type=\"application\/ld+json\" class=\"yoast-schema-graph\">{\"@context\":\"https:\\\/\\\/schema.org\",\"@graph\":[{\"@type\":\"WebPage\",\"@id\":\"https:\\\/\\\/icon-art.nl\\\/reviews\\\/\",\"url\":\"https:\\\/\\\/icon-art.nl\\\/reviews\\\/\",\"name\":\"Reviews - Icon Art\",\"isPartOf\":{\"@id\":\"https:\\\/\\\/icon-art.nl\\\/#website\"},\"datePublished\":\"2019-01-31T10:28:09+00:00\",\"dateModified\":\"2020-07-29T08:41:57+00:00\",\"breadcrumb\":{\"@id\":\"https:\\\/\\\/icon-art.nl\\\/reviews\\\/#breadcrumb\"},\"inLanguage\":\"de\",\"potentialAction\":[{\"@type\":\"ReadAction\",\"target\":[\"https:\\\/\\\/icon-art.nl\\\/reviews\\\/\"]}]},{\"@type\":\"BreadcrumbList\",\"@id\":\"https:\\\/\\\/icon-art.nl\\\/reviews\\\/#breadcrumb\",\"itemListElement\":[{\"@type\":\"ListItem\",\"position\":1,\"name\":\"Home\",\"item\":\"https:\\\/\\\/icon-art.nl\\\/\"},{\"@type\":\"ListItem\",\"position\":2,\"name\":\"Reviews\"}]},{\"@type\":\"WebSite\",\"@id\":\"https:\\\/\\\/icon-art.nl\\\/#website\",\"url\":\"https:\\\/\\\/icon-art.nl\\\/\",\"name\":\"Icon Art\",\"description\":\"\",\"publisher\":{\"@id\":\"https:\\\/\\\/icon-art.nl\\\/#organization\"},\"potentialAction\":[{\"@type\":\"SearchAction\",\"target\":{\"@type\":\"EntryPoint\",\"urlTemplate\":\"https:\\\/\\\/icon-art.nl\\\/?s={search_term_string}\"},\"query-input\":{\"@type\":\"PropertyValueSpecification\",\"valueRequired\":true,\"valueName\":\"search_term_string\"}}],\"inLanguage\":\"de\"},{\"@type\":\"Organization\",\"@id\":\"https:\\\/\\\/icon-art.nl\\\/#organization\",\"name\":\"Icon Art\",\"url\":\"https:\\\/\\\/icon-art.nl\\\/\",\"logo\":{\"@type\":\"ImageObject\",\"inLanguage\":\"de\",\"@id\":\"https:\\\/\\\/icon-art.nl\\\/#\\\/schema\\\/logo\\\/image\\\/\",\"url\":\"https:\\\/\\\/icon-art.nl\\\/wp-content\\\/uploads\\\/2024\\\/08\\\/icon-art-3.png.pagespeed.ce_.t2dzOLyE20.png\",\"contentUrl\":\"https:\\\/\\\/icon-art.nl\\\/wp-content\\\/uploads\\\/2024\\\/08\\\/icon-art-3.png.pagespeed.ce_.t2dzOLyE20.png\",\"width\":300,\"height\":56,\"caption\":\"Icon Art\"},\"image\":{\"@id\":\"https:\\\/\\\/icon-art.nl\\\/#\\\/schema\\\/logo\\\/image\\\/\"},\"sameAs\":[\"https:\\\/\\\/www.facebook.com\\\/iconartcompany\\\/\",\"https:\\\/\\\/www.instagram.com\\\/iconartcompany\\\/\"]}]}<\/script>\n<!-- \/ Yoast SEO plugin. -->","yoast_head_json":{"title":"Bewertungen - Icon Art","robots":{"index":"index","follow":"follow","max-snippet":"max-snippet:-1","max-image-preview":"max-image-preview:large","max-video-preview":"max-video-preview:-1"},"canonical":"https:\/\/icon-art.nl\/de\/bewertungen\/","og_locale":"de_DE","og_type":"article","og_title":"Reviews - Icon Art","og_url":"https:\/\/icon-art.nl\/de\/bewertungen\/","og_site_name":"Icon Art","article_publisher":"https:\/\/www.facebook.com\/iconartcompany\/","article_modified_time":"2020-07-29T08:41:57+00:00","twitter_card":"summary_large_image","schema":{"@context":"https:\/\/schema.org","@graph":[{"@type":"WebPage","@id":"https:\/\/icon-art.nl\/reviews\/","url":"https:\/\/icon-art.nl\/reviews\/","name":"Bewertungen - Icon Art","isPartOf":{"@id":"https:\/\/icon-art.nl\/#website"},"datePublished":"2019-01-31T10:28:09+00:00","dateModified":"2020-07-29T08:41:57+00:00","breadcrumb":{"@id":"https:\/\/icon-art.nl\/reviews\/#breadcrumb"},"inLanguage":"de","potentialAction":[{"@type":"ReadAction","target":["https:\/\/icon-art.nl\/reviews\/"]}]},{"@type":"BreadcrumbList","@id":"https:\/\/icon-art.nl\/reviews\/#breadcrumb","itemListElement":[{"@type":"ListItem","position":1,"name":"Home","item":"https:\/\/icon-art.nl\/"},{"@type":"ListItem","position":2,"name":"Reviews"}]},{"@type":"WebSite","@id":"https:\/\/icon-art.nl\/#website","url":"https:\/\/icon-art.nl\/","name":"Ikonen-Kunst","description":"","publisher":{"@id":"https:\/\/icon-art.nl\/#organization"},"potentialAction":[{"@type":"SearchAction","target":{"@type":"EntryPoint","urlTemplate":"https:\/\/icon-art.nl\/?s={search_term_string}"},"query-input":{"@type":"PropertyValueSpecification","valueRequired":true,"valueName":"search_term_string"}}],"inLanguage":"de"},{"@type":"Organization","@id":"https:\/\/icon-art.nl\/#organization","name":"Ikonen-Kunst","url":"https:\/\/icon-art.nl\/","logo":{"@type":"ImageObject","inLanguage":"de","@id":"https:\/\/icon-art.nl\/#\/schema\/logo\/image\/","url":"https:\/\/icon-art.nl\/wp-content\/uploads\/2024\/08\/icon-art-3.png.pagespeed.ce_.t2dzOLyE20.png","contentUrl":"https:\/\/icon-art.nl\/wp-content\/uploads\/2024\/08\/icon-art-3.png.pagespeed.ce_.t2dzOLyE20.png","width":300,"height":56,"caption":"Icon Art"},"image":{"@id":"https:\/\/icon-art.nl\/#\/schema\/logo\/image\/"},"sameAs":["https:\/\/www.facebook.com\/iconartcompany\/","https:\/\/www.instagram.com\/iconartcompany\/"]}]}},"_links":{"self":[{"href":"https:\/\/icon-art.nl\/de\/wp-json\/wp\/v2\/pages\/2765","targetHints":{"allow":["GET"]}}],"collection":[{"href":"https:\/\/icon-art.nl\/de\/wp-json\/wp\/v2\/pages"}],"about":[{"href":"https:\/\/icon-art.nl\/de\/wp-json\/wp\/v2\/types\/page"}],"author":[{"embeddable":true,"href":"https:\/\/icon-art.nl\/de\/wp-json\/wp\/v2\/users\/2"}],"replies":[{"embeddable":true,"href":"https:\/\/icon-art.nl\/de\/wp-json\/wp\/v2\/comments?post=2765"}],"version-history":[{"count":0,"href":"https:\/\/icon-art.nl\/de\/wp-json\/wp\/v2\/pages\/2765\/revisions"}],"wp:attachment":[{"href":"https:\/\/icon-art.nl\/de\/wp-json\/wp\/v2\/media?parent=2765"}],"curies":[{"name":"wp","href":"https:\/\/api.w.org\/{rel}","templated":true}]}}