{"id":12395,"date":"2026-01-24T12:00:34","date_gmt":"2026-01-24T11:00:34","guid":{"rendered":"https:\/\/icon-art.nl\/?page_id=12395"},"modified":"2026-01-24T12:19:12","modified_gmt":"2026-01-24T11:19:12","slug":"plexiglas","status":"publish","type":"page","link":"https:\/\/icon-art.nl\/de\/plexiglas\/","title":{"rendered":"Plexiglas"},"content":{"rendered":"\t\t<div data-elementor-type=\"wp-page\" data-elementor-id=\"12395\" class=\"elementor elementor-12395\" data-elementor-post-type=\"page\">\n\t\t\t\t\t\t\t\t\t<section class=\"elementor-section elementor-top-section elementor-element elementor-element-72d0b8f3 elementor-section-boxed elementor-section-height-default elementor-section-height-default\" data-id=\"72d0b8f3\" data-element_type=\"section\" data-settings=\"{&quot;jet_parallax_layout_list&quot;:[{&quot;jet_parallax_layout_image&quot;:{&quot;url&quot;:&quot;&quot;,&quot;id&quot;:&quot;&quot;,&quot;size&quot;:&quot;&quot;},&quot;_id&quot;:&quot;a4757f0&quot;,&quot;jet_parallax_layout_image_tablet&quot;:{&quot;url&quot;:&quot;&quot;,&quot;id&quot;:&quot;&quot;,&quot;size&quot;:&quot;&quot;},&quot;jet_parallax_layout_image_mobile&quot;:{&quot;url&quot;:&quot;&quot;,&quot;id&quot;:&quot;&quot;,&quot;size&quot;:&quot;&quot;},&quot;jet_parallax_layout_speed&quot;:{&quot;unit&quot;:&quot;%&quot;,&quot;size&quot;:50,&quot;sizes&quot;:[]},&quot;jet_parallax_layout_type&quot;:&quot;scroll&quot;,&quot;jet_parallax_layout_direction&quot;:null,&quot;jet_parallax_layout_fx_direction&quot;:null,&quot;jet_parallax_layout_z_index&quot;:&quot;&quot;,&quot;jet_parallax_layout_bg_x&quot;:50,&quot;jet_parallax_layout_bg_x_tablet&quot;:&quot;&quot;,&quot;jet_parallax_layout_bg_x_mobile&quot;:&quot;&quot;,&quot;jet_parallax_layout_bg_y&quot;:50,&quot;jet_parallax_layout_bg_y_tablet&quot;:&quot;&quot;,&quot;jet_parallax_layout_bg_y_mobile&quot;:&quot;&quot;,&quot;jet_parallax_layout_bg_size&quot;:&quot;auto&quot;,&quot;jet_parallax_layout_bg_size_tablet&quot;:&quot;&quot;,&quot;jet_parallax_layout_bg_size_mobile&quot;:&quot;&quot;,&quot;jet_parallax_layout_animation_prop&quot;:&quot;transform&quot;,&quot;jet_parallax_layout_on&quot;:[&quot;desktop&quot;,&quot;tablet&quot;]}]}\">\n\t\t\t\t\t\t<div class=\"elementor-container elementor-column-gap-default\">\n\t\t\t\t\t<div class=\"elementor-column elementor-col-100 elementor-top-column elementor-element elementor-element-4f8cc418\" data-id=\"4f8cc418\" data-element_type=\"column\">\n\t\t\t<div class=\"elementor-widget-wrap elementor-element-populated\">\n\t\t\t\t\t\t\t\t<div class=\"elementor-element elementor-element-71081bb2 elementor-widget elementor-widget-text-editor\" data-id=\"71081bb2\" data-element_type=\"widget\" data-widget_type=\"text-editor.default\">\n\t\t\t\t<div class=\"elementor-widget-container\">\n\t\t\t<style>\/*! elementor - v3.18.0 - 06-12-2023 *\/\n.elementor-widget-text-editor.elementor-drop-cap-view-stacked .elementor-drop-cap{background-color:#69727d;color:#fff}.elementor-widget-text-editor.elementor-drop-cap-view-framed .elementor-drop-cap{color:#69727d;border:3px solid;background-color:transparent}.elementor-widget-text-editor:not(.elementor-drop-cap-view-default) .elementor-drop-cap{margin-top:8px}.elementor-widget-text-editor:not(.elementor-drop-cap-view-default) .elementor-drop-cap-letter{width:1em;height:1em}.elementor-widget-text-editor .elementor-drop-cap{float:left;text-align:center;line-height:1;font-size:50px}.elementor-widget-text-editor .elementor-drop-cap-letter{display:inline-block}<\/style>\t\t\t\t<h1 style=\"text-align: center;\"><span style=\"color: #ffffff;\">FOTOKUNST OP PLEXIGLAS<\/span><\/h1><p><span style=\"color: #ffffff;\">De foto wordt op Fuji fotopapier geprint en vervolgens afgewerkt met hoogglans plexiglas van 5mm dik. Door het plexiglas worden de kleuren vele malen intenser en daardoor krijgt het een prachtig diepte-effect. De 5mm dikke plexiglasplaat met de foto wordt met een 100% dekkende folie afgewerkt. De foto komt hierdoor echt tot leven! Doordat wij uitsluitend gebruik maken van hoogwaardige materialen bent u bij\u00a0<a href=\"https:\/\/icon-art.nl\/\">Icon Art<\/a> verzekerd van jarenlang plezier van uw kunstwerk, zonder dat de kleurintensiteit afneemt. Het kunstwerk wordt aan de achterzijde rondom voorzien van een sterk aluminium ophang profiel van 1,5 cm dik. Hierdoor krijgt het kunstwerk een zwevend effect. Doordat het profiel op 5cm uit de rand wordt verlijmd, is het vanaf de zijkant niet zichtbaar. Het achter profiel zorgt tevens voor extra stabiliteit en voorkomt dat het paneel krom kan trekken.<\/span><\/p>\t\t\t\t\t\t<\/div>\n\t\t\t\t<\/div>\n\t\t\t\t\t<\/div>\n\t\t<\/div>\n\t\t\t\t\t\t\t<\/div>\n\t\t<\/section>\n\t\t\t\t<section class=\"elementor-section elementor-top-section elementor-element elementor-element-38efbb7 elementor-section-boxed elementor-section-height-default elementor-section-height-default\" data-id=\"38efbb7\" data-element_type=\"section\" data-settings=\"{&quot;jet_parallax_layout_list&quot;:[{&quot;jet_parallax_layout_image&quot;:{&quot;url&quot;:&quot;&quot;,&quot;id&quot;:&quot;&quot;,&quot;size&quot;:&quot;&quot;},&quot;_id&quot;:&quot;a4757f0&quot;,&quot;jet_parallax_layout_image_tablet&quot;:{&quot;url&quot;:&quot;&quot;,&quot;id&quot;:&quot;&quot;,&quot;size&quot;:&quot;&quot;},&quot;jet_parallax_layout_image_mobile&quot;:{&quot;url&quot;:&quot;&quot;,&quot;id&quot;:&quot;&quot;,&quot;size&quot;:&quot;&quot;},&quot;jet_parallax_layout_speed&quot;:{&quot;unit&quot;:&quot;%&quot;,&quot;size&quot;:50,&quot;sizes&quot;:[]},&quot;jet_parallax_layout_type&quot;:&quot;scroll&quot;,&quot;jet_parallax_layout_direction&quot;:null,&quot;jet_parallax_layout_fx_direction&quot;:null,&quot;jet_parallax_layout_z_index&quot;:&quot;&quot;,&quot;jet_parallax_layout_bg_x&quot;:50,&quot;jet_parallax_layout_bg_x_tablet&quot;:&quot;&quot;,&quot;jet_parallax_layout_bg_x_mobile&quot;:&quot;&quot;,&quot;jet_parallax_layout_bg_y&quot;:50,&quot;jet_parallax_layout_bg_y_tablet&quot;:&quot;&quot;,&quot;jet_parallax_layout_bg_y_mobile&quot;:&quot;&quot;,&quot;jet_parallax_layout_bg_size&quot;:&quot;auto&quot;,&quot;jet_parallax_layout_bg_size_tablet&quot;:&quot;&quot;,&quot;jet_parallax_layout_bg_size_mobile&quot;:&quot;&quot;,&quot;jet_parallax_layout_animation_prop&quot;:&quot;transform&quot;,&quot;jet_parallax_layout_on&quot;:[&quot;desktop&quot;,&quot;tablet&quot;]}],&quot;background_background&quot;:&quot;classic&quot;}\">\n\t\t\t\t\t\t<div class=\"elementor-container elementor-column-gap-default\">\n\t\t\t\t\t<div class=\"elementor-column elementor-col-100 elementor-top-column elementor-element elementor-element-ea4a583\" data-id=\"ea4a583\" data-element_type=\"column\">\n\t\t\t<div class=\"elementor-widget-wrap elementor-element-populated\">\n\t\t\t\t\t\t\t\t<div class=\"elementor-element elementor-element-7b6c8d5 elementor-widget elementor-widget-text-editor\" data-id=\"7b6c8d5\" data-element_type=\"widget\" data-widget_type=\"text-editor.default\">\n\t\t\t\t<div class=\"elementor-widget-container\">\n\t\t\t\t\t\t\t<h1 style=\"text-align: center;\"><span style=\"color: #ffffff;\">AFWERKING<\/span><\/h1>\t\t\t\t\t\t<\/div>\n\t\t\t\t<\/div>\n\t\t\t\t<div class=\"elementor-element elementor-element-dcb33a9 elementor-widget elementor-widget-image\" data-id=\"dcb33a9\" data-element_type=\"widget\" data-widget_type=\"image.default\">\n\t\t\t\t<div class=\"elementor-widget-container\">\n\t\t\t<style>\/*! elementor - v3.18.0 - 06-12-2023 *\/\n.elementor-widget-image{text-align:center}.elementor-widget-image a{display:inline-block}.elementor-widget-image a img[src$=\".svg\"]{width:48px}.elementor-widget-image img{vertical-align:middle;display:inline-block}<\/style>\t\t\t\t\t\t\t\t\t\t\t\t\t<a href=\"https:\/\/icon-art.nl\/wp-content\/uploads\/2020\/07\/Uitsnede-plexiglasV2.png\" data-elementor-open-lightbox=\"yes\" data-elementor-lightbox-title=\"Uitsnede plexiglasV2\" data-e-action-hash=\"#elementor-action%3Aaction%3Dlightbox%26settings%3DeyJpZCI6NTM1MywidXJsIjoiaHR0cHM6XC9cL2ljb24tYXJ0Lm5sXC93cC1jb250ZW50XC91cGxvYWRzXC8yMDIwXC8wN1wvVWl0c25lZGUtcGxleGlnbGFzVjIucG5nIn0%3D\">\n\t\t\t\t\t\t\t<img fetchpriority=\"high\" decoding=\"async\" width=\"1024\" height=\"619\" src=\"https:\/\/icon-art.nl\/wp-content\/uploads\/elementor\/thumbs\/xstore-placeholder-qx1csvumabkzilnjwodfgq6k6qyxy15bzdcueonxig.png\" class=\"attachment-large size-large wp-image-5353 lazyload lazyload-simple et-lazyload-fadeIn\" alt=\"Plexiglas\" sizes=\"(max-width: 1024px) 100vw, 1024px\" data-src=\"https:\/\/icon-art.nl\/wp-content\/uploads\/2020\/07\/Uitsnede-plexiglasV2-1024x619.png\" data-srcset=\"https:\/\/icon-art.nl\/wp-content\/uploads\/2020\/07\/Uitsnede-plexiglasV2-1024x619.png 1024w, https:\/\/icon-art.nl\/wp-content\/uploads\/2020\/07\/Uitsnede-plexiglasV2-300x181.png 300w, https:\/\/icon-art.nl\/wp-content\/uploads\/2020\/07\/Uitsnede-plexiglasV2-768x464.png 768w, https:\/\/icon-art.nl\/wp-content\/uploads\/2020\/07\/Uitsnede-plexiglasV2-1536x928.png 1536w, https:\/\/icon-art.nl\/wp-content\/uploads\/2020\/07\/Uitsnede-plexiglasV2-1500x906.png 1500w, https:\/\/icon-art.nl\/wp-content\/uploads\/2020\/07\/Uitsnede-plexiglasV2-10x6.png 10w, https:\/\/icon-art.nl\/wp-content\/uploads\/2020\/07\/Uitsnede-plexiglasV2.png 1788w\" \/>\t\t\t\t\t\t\t\t<\/a>\n\t\t\t\t\t\t\t\t\t\t\t\t\t\t\t<\/div>\n\t\t\t\t<\/div>\n\t\t\t\t\t<\/div>\n\t\t<\/div>\n\t\t\t\t\t\t\t<\/div>\n\t\t<\/section>\n\t\t\t\t<section class=\"elementor-section elementor-top-section elementor-element elementor-element-ae755e7 elementor-section-stretched elementor-section-height-min-height elementor-section-boxed elementor-section-height-default elementor-section-items-middle elementor-invisible\" data-id=\"ae755e7\" data-element_type=\"section\" data-settings=\"{&quot;stretch_section&quot;:&quot;section-stretched&quot;,&quot;jet_parallax_layout_list&quot;:[{&quot;jet_parallax_layout_image&quot;:{&quot;url&quot;:&quot;&quot;,&quot;id&quot;:&quot;&quot;,&quot;size&quot;:&quot;&quot;},&quot;_id&quot;:&quot;aad31a4&quot;,&quot;jet_parallax_layout_image_tablet&quot;:{&quot;url&quot;:&quot;&quot;,&quot;id&quot;:&quot;&quot;,&quot;size&quot;:&quot;&quot;},&quot;jet_parallax_layout_image_mobile&quot;:{&quot;url&quot;:&quot;&quot;,&quot;id&quot;:&quot;&quot;,&quot;size&quot;:&quot;&quot;},&quot;jet_parallax_layout_speed&quot;:{&quot;unit&quot;:&quot;%&quot;,&quot;size&quot;:50,&quot;sizes&quot;:[]},&quot;jet_parallax_layout_type&quot;:&quot;scroll&quot;,&quot;jet_parallax_layout_direction&quot;:null,&quot;jet_parallax_layout_fx_direction&quot;:null,&quot;jet_parallax_layout_z_index&quot;:&quot;&quot;,&quot;jet_parallax_layout_bg_x&quot;:50,&quot;jet_parallax_layout_bg_x_tablet&quot;:&quot;&quot;,&quot;jet_parallax_layout_bg_x_mobile&quot;:&quot;&quot;,&quot;jet_parallax_layout_bg_y&quot;:50,&quot;jet_parallax_layout_bg_y_tablet&quot;:&quot;&quot;,&quot;jet_parallax_layout_bg_y_mobile&quot;:&quot;&quot;,&quot;jet_parallax_layout_bg_size&quot;:&quot;auto&quot;,&quot;jet_parallax_layout_bg_size_tablet&quot;:&quot;&quot;,&quot;jet_parallax_layout_bg_size_mobile&quot;:&quot;&quot;,&quot;jet_parallax_layout_animation_prop&quot;:&quot;transform&quot;,&quot;jet_parallax_layout_on&quot;:[&quot;desktop&quot;,&quot;tablet&quot;]}],&quot;background_background&quot;:&quot;classic&quot;,&quot;animation&quot;:&quot;fadeIn&quot;}\">\n\t\t\t\t\t\t<div class=\"elementor-container elementor-column-gap-default\">\n\t\t\t\t\t<div class=\"elementor-column elementor-col-66 elementor-top-column elementor-element elementor-element-fe8dc06\" data-id=\"fe8dc06\" data-element_type=\"column\" data-settings=\"{&quot;background_background&quot;:&quot;classic&quot;}\" data-e-bg-lazyload=\".elementor-element-populated\">\n\t\t\t<div class=\"elementor-widget-wrap elementor-element-populated\">\n\t\t\t\t\t\t\t\t<section class=\"elementor-section elementor-inner-section elementor-element elementor-element-5cc2141 elementor-section-boxed elementor-section-height-default elementor-section-height-default\" data-id=\"5cc2141\" data-element_type=\"section\" data-settings=\"{&quot;jet_parallax_layout_list&quot;:[{&quot;jet_parallax_layout_image&quot;:{&quot;url&quot;:&quot;&quot;,&quot;id&quot;:&quot;&quot;,&quot;size&quot;:&quot;&quot;},&quot;_id&quot;:&quot;3ddfb5a&quot;,&quot;jet_parallax_layout_image_tablet&quot;:{&quot;url&quot;:&quot;&quot;,&quot;id&quot;:&quot;&quot;,&quot;size&quot;:&quot;&quot;},&quot;jet_parallax_layout_image_mobile&quot;:{&quot;url&quot;:&quot;&quot;,&quot;id&quot;:&quot;&quot;,&quot;size&quot;:&quot;&quot;},&quot;jet_parallax_layout_speed&quot;:{&quot;unit&quot;:&quot;%&quot;,&quot;size&quot;:50,&quot;sizes&quot;:[]},&quot;jet_parallax_layout_type&quot;:&quot;scroll&quot;,&quot;jet_parallax_layout_direction&quot;:null,&quot;jet_parallax_layout_fx_direction&quot;:null,&quot;jet_parallax_layout_z_index&quot;:&quot;&quot;,&quot;jet_parallax_layout_bg_x&quot;:50,&quot;jet_parallax_layout_bg_x_tablet&quot;:&quot;&quot;,&quot;jet_parallax_layout_bg_x_mobile&quot;:&quot;&quot;,&quot;jet_parallax_layout_bg_y&quot;:50,&quot;jet_parallax_layout_bg_y_tablet&quot;:&quot;&quot;,&quot;jet_parallax_layout_bg_y_mobile&quot;:&quot;&quot;,&quot;jet_parallax_layout_bg_size&quot;:&quot;auto&quot;,&quot;jet_parallax_layout_bg_size_tablet&quot;:&quot;&quot;,&quot;jet_parallax_layout_bg_size_mobile&quot;:&quot;&quot;,&quot;jet_parallax_layout_animation_prop&quot;:&quot;transform&quot;,&quot;jet_parallax_layout_on&quot;:[&quot;desktop&quot;,&quot;tablet&quot;]}]}\">\n\t\t\t\t\t\t<div class=\"elementor-container elementor-column-gap-default\">\n\t\t\t\t\t<div class=\"elementor-column elementor-col-100 elementor-inner-column elementor-element elementor-element-1a238f7\" data-id=\"1a238f7\" data-element_type=\"column\" data-settings=\"{&quot;background_background&quot;:&quot;classic&quot;}\">\n\t\t\t<div class=\"elementor-widget-wrap elementor-element-populated\">\n\t\t\t\t\t\t\t\t<div class=\"elementor-element elementor-element-5d25e63 elementor-widget elementor-widget-heading\" data-id=\"5d25e63\" data-element_type=\"widget\" data-widget_type=\"heading.default\">\n\t\t\t\t<div class=\"elementor-widget-container\">\n\t\t\t<style>\/*! elementor - v3.18.0 - 06-12-2023 *\/\n.elementor-heading-title{padding:0;margin:0;line-height:1}.elementor-widget-heading .elementor-heading-title[class*=elementor-size-]>a{color:inherit;font-size:inherit;line-height:inherit}.elementor-widget-heading .elementor-heading-title.elementor-size-small{font-size:15px}.elementor-widget-heading .elementor-heading-title.elementor-size-medium{font-size:19px}.elementor-widget-heading .elementor-heading-title.elementor-size-large{font-size:29px}.elementor-widget-heading .elementor-heading-title.elementor-size-xl{font-size:39px}.elementor-widget-heading .elementor-heading-title.elementor-size-xxl{font-size:59px}<\/style><h2 class=\"elementor-heading-title elementor-size-default\">Iconic Art<\/h2>\t\t<\/div>\n\t\t\t\t<\/div>\n\t\t\t\t<div class=\"elementor-element elementor-element-25cc56c elementor-widget elementor-widget-text-editor\" data-id=\"25cc56c\" data-element_type=\"widget\" data-widget_type=\"text-editor.default\">\n\t\t\t\t<div class=\"elementor-widget-container\">\n\t\t\t\t\t\t\t<p><a href=\"\/product-categorie\/iconic-art\/\">Bekijk de collectie<\/a><\/p>\t\t\t\t\t\t<\/div>\n\t\t\t\t<\/div>\n\t\t\t\t\t<\/div>\n\t\t<\/div>\n\t\t\t\t\t\t\t<\/div>\n\t\t<\/section>\n\t\t\t\t\t<\/div>\n\t\t<\/div>\n\t\t\t\t<div class=\"elementor-column elementor-col-33 elementor-top-column elementor-element elementor-element-b9b2278\" data-id=\"b9b2278\" data-element_type=\"column\" data-settings=\"{&quot;background_background&quot;:&quot;classic&quot;}\">\n\t\t\t<div class=\"elementor-widget-wrap elementor-element-populated\">\n\t\t\t\t\t\t\t\t<div class=\"elementor-element elementor-element-2670d8f elementor-widget elementor-widget-text-editor\" data-id=\"2670d8f\" data-element_type=\"widget\" data-widget_type=\"text-editor.default\">\n\t\t\t\t<div class=\"elementor-widget-container\">\n\t\t\t\t\t\t\t<p><span style=\"color: #000000;\">Bekijk hier onze Iconic Art collectie. Alle afbeeldingen zijn te verkrijgen in aluminium dibond mat en glans variant. Je kunt hier ook nog een chique zwarte baklijst aan toevoegen voor een elegante en luxe uitstraling.\u00a0\u00a0<\/span><\/p>\t\t\t\t\t\t<\/div>\n\t\t\t\t<\/div>\n\t\t\t\t\t<\/div>\n\t\t<\/div>\n\t\t\t\t\t\t\t<\/div>\n\t\t<\/section>\n\t\t\t\t\t\t\t<\/div>\n\t\t","protected":false},"excerpt":{"rendered":"<p>FOTOKUNST OP PLEXIGLAS De foto wordt op Fuji fotopapier geprint en vervolgens afgewerkt met hoogglans plexiglas van 5mm dik. Door het plexiglas worden de kleuren&#8230;<\/p>","protected":false},"author":2,"featured_media":0,"parent":0,"menu_order":0,"comment_status":"closed","ping_status":"closed","template":"","meta":{"_acf_changed":false,"_glsr_average":0,"_glsr_ranking":0,"_glsr_reviews":0,"footnotes":""},"class_list":["post-12395","page","type-page","status-publish","hentry"],"acf":[],"yoast_head":"<!-- This site is optimized with the Yoast SEO plugin v27.5 - https:\/\/yoast.com\/product\/yoast-seo-wordpress\/ -->\n<title>Plexiglas - Icon Art<\/title>\n<meta name=\"description\" content=\"Artwork van een superieure print kwaliteit vervaardigd op plexiglas. Voorzien van een sterk aluminium ophang profiel. Bekijk de collectie nu!\" \/>\n<meta name=\"robots\" content=\"index, follow, max-snippet:-1, max-image-preview:large, max-video-preview:-1\" \/>\n<link rel=\"canonical\" href=\"https:\/\/icon-art.nl\/de\/plexiglas\/\" \/>\n<meta property=\"og:locale\" content=\"de_DE\" \/>\n<meta property=\"og:type\" content=\"article\" \/>\n<meta property=\"og:title\" content=\"Plexiglas - Icon Art\" \/>\n<meta property=\"og:description\" content=\"Artwork van een superieure print kwaliteit vervaardigd op plexiglas. Voorzien van een sterk aluminium ophang profiel. Bekijk de collectie nu!\" \/>\n<meta property=\"og:url\" content=\"https:\/\/icon-art.nl\/de\/plexiglas\/\" \/>\n<meta property=\"og:site_name\" content=\"Icon Art\" \/>\n<meta property=\"article:publisher\" content=\"https:\/\/www.facebook.com\/iconartcompany\/\" \/>\n<meta property=\"article:modified_time\" content=\"2026-01-24T11:19:12+00:00\" \/>\n<meta property=\"og:image\" content=\"https:\/\/icon-art.nl\/wp-content\/uploads\/2020\/07\/Uitsnede-plexiglasV2-1024x619.png\" \/>\n\t<meta property=\"og:image:width\" content=\"1024\" \/>\n\t<meta property=\"og:image:height\" content=\"619\" \/>\n\t<meta property=\"og:image:type\" content=\"image\/png\" \/>\n<meta name=\"twitter:card\" content=\"summary_large_image\" \/>\n<script type=\"application\/ld+json\" class=\"yoast-schema-graph\">{\"@context\":\"https:\\\/\\\/schema.org\",\"@graph\":[{\"@type\":\"WebPage\",\"@id\":\"https:\\\/\\\/icon-art.nl\\\/plexiglas\\\/\",\"url\":\"https:\\\/\\\/icon-art.nl\\\/plexiglas\\\/\",\"name\":\"Plexiglas - Icon Art\",\"isPartOf\":{\"@id\":\"https:\\\/\\\/icon-art.nl\\\/#website\"},\"primaryImageOfPage\":{\"@id\":\"https:\\\/\\\/icon-art.nl\\\/plexiglas\\\/#primaryimage\"},\"image\":{\"@id\":\"https:\\\/\\\/icon-art.nl\\\/plexiglas\\\/#primaryimage\"},\"thumbnailUrl\":\"https:\\\/\\\/icon-art.nl\\\/wp-content\\\/uploads\\\/2020\\\/07\\\/Uitsnede-plexiglasV2-1024x619.png\",\"datePublished\":\"2026-01-24T11:00:34+00:00\",\"dateModified\":\"2026-01-24T11:19:12+00:00\",\"description\":\"Artwork van een superieure print kwaliteit vervaardigd op plexiglas. Voorzien van een sterk aluminium ophang profiel. Bekijk de collectie nu!\",\"breadcrumb\":{\"@id\":\"https:\\\/\\\/icon-art.nl\\\/plexiglas\\\/#breadcrumb\"},\"inLanguage\":\"de\",\"potentialAction\":[{\"@type\":\"ReadAction\",\"target\":[\"https:\\\/\\\/icon-art.nl\\\/plexiglas\\\/\"]}]},{\"@type\":\"ImageObject\",\"inLanguage\":\"de\",\"@id\":\"https:\\\/\\\/icon-art.nl\\\/plexiglas\\\/#primaryimage\",\"url\":\"https:\\\/\\\/icon-art.nl\\\/wp-content\\\/uploads\\\/2020\\\/07\\\/Uitsnede-plexiglasV2-1024x619.png\",\"contentUrl\":\"https:\\\/\\\/icon-art.nl\\\/wp-content\\\/uploads\\\/2020\\\/07\\\/Uitsnede-plexiglasV2-1024x619.png\"},{\"@type\":\"BreadcrumbList\",\"@id\":\"https:\\\/\\\/icon-art.nl\\\/plexiglas\\\/#breadcrumb\",\"itemListElement\":[{\"@type\":\"ListItem\",\"position\":1,\"name\":\"Home\",\"item\":\"https:\\\/\\\/icon-art.nl\\\/\"},{\"@type\":\"ListItem\",\"position\":2,\"name\":\"Plexiglas\"}]},{\"@type\":\"WebSite\",\"@id\":\"https:\\\/\\\/icon-art.nl\\\/#website\",\"url\":\"https:\\\/\\\/icon-art.nl\\\/\",\"name\":\"Icon Art\",\"description\":\"\",\"publisher\":{\"@id\":\"https:\\\/\\\/icon-art.nl\\\/#organization\"},\"potentialAction\":[{\"@type\":\"SearchAction\",\"target\":{\"@type\":\"EntryPoint\",\"urlTemplate\":\"https:\\\/\\\/icon-art.nl\\\/?s={search_term_string}\"},\"query-input\":{\"@type\":\"PropertyValueSpecification\",\"valueRequired\":true,\"valueName\":\"search_term_string\"}}],\"inLanguage\":\"de\"},{\"@type\":\"Organization\",\"@id\":\"https:\\\/\\\/icon-art.nl\\\/#organization\",\"name\":\"Icon Art\",\"url\":\"https:\\\/\\\/icon-art.nl\\\/\",\"logo\":{\"@type\":\"ImageObject\",\"inLanguage\":\"de\",\"@id\":\"https:\\\/\\\/icon-art.nl\\\/#\\\/schema\\\/logo\\\/image\\\/\",\"url\":\"https:\\\/\\\/icon-art.nl\\\/wp-content\\\/uploads\\\/2024\\\/08\\\/icon-art-3.png.pagespeed.ce_.t2dzOLyE20.png\",\"contentUrl\":\"https:\\\/\\\/icon-art.nl\\\/wp-content\\\/uploads\\\/2024\\\/08\\\/icon-art-3.png.pagespeed.ce_.t2dzOLyE20.png\",\"width\":300,\"height\":56,\"caption\":\"Icon Art\"},\"image\":{\"@id\":\"https:\\\/\\\/icon-art.nl\\\/#\\\/schema\\\/logo\\\/image\\\/\"},\"sameAs\":[\"https:\\\/\\\/www.facebook.com\\\/iconartcompany\\\/\",\"https:\\\/\\\/www.instagram.com\\\/iconartcompany\\\/\"]}]}<\/script>\n<!-- \/ Yoast SEO plugin. -->","yoast_head_json":{"title":"Plexiglas - Icon Art","description":"Auf Plexiglas gedrucktes Kunstwerk von h\u00f6chster Qualit\u00e4t. Ausgestattet mit einem starken Aluminium-Aufh\u00e4ngeprofil. Sehen Sie sich die Kollektion jetzt an!","robots":{"index":"index","follow":"follow","max-snippet":"max-snippet:-1","max-image-preview":"max-image-preview:large","max-video-preview":"max-video-preview:-1"},"canonical":"https:\/\/icon-art.nl\/de\/plexiglas\/","og_locale":"de_DE","og_type":"article","og_title":"Plexiglas - Icon Art","og_description":"Artwork van een superieure print kwaliteit vervaardigd op plexiglas. Voorzien van een sterk aluminium ophang profiel. Bekijk de collectie nu!","og_url":"https:\/\/icon-art.nl\/de\/plexiglas\/","og_site_name":"Icon Art","article_publisher":"https:\/\/www.facebook.com\/iconartcompany\/","article_modified_time":"2026-01-24T11:19:12+00:00","og_image":[{"width":1024,"height":619,"url":"https:\/\/icon-art.nl\/wp-content\/uploads\/2020\/07\/Uitsnede-plexiglasV2-1024x619.png","type":"image\/png"}],"twitter_card":"summary_large_image","schema":{"@context":"https:\/\/schema.org","@graph":[{"@type":"WebPage","@id":"https:\/\/icon-art.nl\/plexiglas\/","url":"https:\/\/icon-art.nl\/plexiglas\/","name":"Plexiglas - Icon Art","isPartOf":{"@id":"https:\/\/icon-art.nl\/#website"},"primaryImageOfPage":{"@id":"https:\/\/icon-art.nl\/plexiglas\/#primaryimage"},"image":{"@id":"https:\/\/icon-art.nl\/plexiglas\/#primaryimage"},"thumbnailUrl":"https:\/\/icon-art.nl\/wp-content\/uploads\/2020\/07\/Uitsnede-plexiglasV2-1024x619.png","datePublished":"2026-01-24T11:00:34+00:00","dateModified":"2026-01-24T11:19:12+00:00","description":"Auf Plexiglas gedrucktes Kunstwerk von h\u00f6chster Qualit\u00e4t. Ausgestattet mit einem starken Aluminium-Aufh\u00e4ngeprofil. Sehen Sie sich die Kollektion jetzt an!","breadcrumb":{"@id":"https:\/\/icon-art.nl\/plexiglas\/#breadcrumb"},"inLanguage":"de","potentialAction":[{"@type":"ReadAction","target":["https:\/\/icon-art.nl\/plexiglas\/"]}]},{"@type":"ImageObject","inLanguage":"de","@id":"https:\/\/icon-art.nl\/plexiglas\/#primaryimage","url":"https:\/\/icon-art.nl\/wp-content\/uploads\/2020\/07\/Uitsnede-plexiglasV2-1024x619.png","contentUrl":"https:\/\/icon-art.nl\/wp-content\/uploads\/2020\/07\/Uitsnede-plexiglasV2-1024x619.png"},{"@type":"BreadcrumbList","@id":"https:\/\/icon-art.nl\/plexiglas\/#breadcrumb","itemListElement":[{"@type":"ListItem","position":1,"name":"Home","item":"https:\/\/icon-art.nl\/"},{"@type":"ListItem","position":2,"name":"Plexiglas"}]},{"@type":"WebSite","@id":"https:\/\/icon-art.nl\/#website","url":"https:\/\/icon-art.nl\/","name":"Ikonen-Kunst","description":"","publisher":{"@id":"https:\/\/icon-art.nl\/#organization"},"potentialAction":[{"@type":"SearchAction","target":{"@type":"EntryPoint","urlTemplate":"https:\/\/icon-art.nl\/?s={search_term_string}"},"query-input":{"@type":"PropertyValueSpecification","valueRequired":true,"valueName":"search_term_string"}}],"inLanguage":"de"},{"@type":"Organization","@id":"https:\/\/icon-art.nl\/#organization","name":"Ikonen-Kunst","url":"https:\/\/icon-art.nl\/","logo":{"@type":"ImageObject","inLanguage":"de","@id":"https:\/\/icon-art.nl\/#\/schema\/logo\/image\/","url":"https:\/\/icon-art.nl\/wp-content\/uploads\/2024\/08\/icon-art-3.png.pagespeed.ce_.t2dzOLyE20.png","contentUrl":"https:\/\/icon-art.nl\/wp-content\/uploads\/2024\/08\/icon-art-3.png.pagespeed.ce_.t2dzOLyE20.png","width":300,"height":56,"caption":"Icon Art"},"image":{"@id":"https:\/\/icon-art.nl\/#\/schema\/logo\/image\/"},"sameAs":["https:\/\/www.facebook.com\/iconartcompany\/","https:\/\/www.instagram.com\/iconartcompany\/"]}]}},"_links":{"self":[{"href":"https:\/\/icon-art.nl\/de\/wp-json\/wp\/v2\/pages\/12395","targetHints":{"allow":["GET"]}}],"collection":[{"href":"https:\/\/icon-art.nl\/de\/wp-json\/wp\/v2\/pages"}],"about":[{"href":"https:\/\/icon-art.nl\/de\/wp-json\/wp\/v2\/types\/page"}],"author":[{"embeddable":true,"href":"https:\/\/icon-art.nl\/de\/wp-json\/wp\/v2\/users\/2"}],"replies":[{"embeddable":true,"href":"https:\/\/icon-art.nl\/de\/wp-json\/wp\/v2\/comments?post=12395"}],"version-history":[{"count":10,"href":"https:\/\/icon-art.nl\/de\/wp-json\/wp\/v2\/pages\/12395\/revisions"}],"predecessor-version":[{"id":12415,"href":"https:\/\/icon-art.nl\/de\/wp-json\/wp\/v2\/pages\/12395\/revisions\/12415"}],"wp:attachment":[{"href":"https:\/\/icon-art.nl\/de\/wp-json\/wp\/v2\/media?parent=12395"}],"curies":[{"name":"wp","href":"https:\/\/api.w.org\/{rel}","templated":true}]}}